{"id":2159,"date":"2020-11-02T18:32:41","date_gmt":"2020-11-02T17:32:41","guid":{"rendered":"http:\/\/www.operalight.se\/?page_id=2159"},"modified":"2020-11-02T18:32:41","modified_gmt":"2020-11-02T17:32:41","slug":"malarhojdens-friluftsteater","status":"publish","type":"page","link":"https:\/\/www.operalight.se\/?page_id=2159","title":{"rendered":"M\u00e4larh\u00f6jdens Friluftsteater"},"content":{"rendered":"<p>F\u00f6r information om evenemang p\u00e5 M\u00e4larh\u00f6jdens Friluftsteater som drivs i Opera Light regi bes\u00f6k<\/p>\n<p>hemsidan f\u00f6r teater h\u00e4r:<\/p>\n<p><a href=\"http:\/\/m\u00e4larh\u00f6jdensfriluftsteater.se\/\">M\u00e4larh\u00f6jdens Friluftsteater<\/a><\/p>\n","protected":false},"excerpt":{"rendered":"<p>F\u00f6r information om evenemang p\u00e5 M\u00e4larh\u00f6jdens Friluftsteater som drivs i Opera Light regi bes\u00f6k hemsidan f\u00f6r teater h\u00e4r: M\u00e4larh\u00f6jdens Friluftsteater<\/p>\n","protected":false},"author":2,"featured_media":0,"parent":0,"menu_order":0,"comment_status":"closed","ping_status":"closed","template":"","meta":{"footnotes":""},"class_list":["post-2159","page","type-page","status-publish","hentry"],"_links":{"self":[{"href":"https:\/\/www.operalight.se\/index.php?rest_route=\/wp\/v2\/pages\/2159","targetHints":{"allow":["GET"]}}],"collection":[{"href":"https:\/\/www.operalight.se\/index.php?rest_route=\/wp\/v2\/pages"}],"about":[{"href":"https:\/\/www.operalight.se\/index.php?rest_route=\/wp\/v2\/types\/page"}],"author":[{"embeddable":true,"href":"https:\/\/www.operalight.se\/index.php?rest_route=\/wp\/v2\/users\/2"}],"replies":[{"embeddable":true,"href":"https:\/\/www.operalight.se\/index.php?rest_route=%2Fwp%2Fv2%2Fcomments&post=2159"}],"version-history":[{"count":1,"href":"https:\/\/www.operalight.se\/index.php?rest_route=\/wp\/v2\/pages\/2159\/revisions"}],"predecessor-version":[{"id":2160,"href":"https:\/\/www.operalight.se\/index.php?rest_route=\/wp\/v2\/pages\/2159\/revisions\/2160"}],"wp:attachment":[{"href":"https:\/\/www.operalight.se\/index.php?rest_route=%2Fwp%2Fv2%2Fmedia&parent=2159"}],"curies":[{"name":"wp","href":"https:\/\/api.w.org\/{rel}","templated":true}]}}